{"id":328,"date":"2022-07-27T00:00:00","date_gmt":"2022-07-27T00:00:00","guid":{"rendered":"https:\/\/trsf.site\/?page_id=328"},"modified":"2025-12-19T11:03:02","modified_gmt":"2025-12-19T11:03:02","slug":"wer-wir-sind","status":"publish","type":"page","link":"https:\/\/myanmarsupport.org\/index.php\/home\/wer-wir-sind\/","title":{"rendered":"Wer wir sind"},"content":{"rendered":"\n<div style=\"height:98px\" aria-hidden=\"true\" class=\"wp-block-spacer\"><\/div>\n\n\n\n<div class=\"wp-block-buttons is-content-justification-center is-layout-flex wp-container-core-buttons-is-layout-16018d1d wp-block-buttons-is-layout-flex\">\n<div class=\"wp-block-button has-custom-width wp-block-button__width-50\"><a class=\"wp-block-button__link has-text-color has-background has-link-color has-custom-font-size wp-element-button\" href=\"#mitarbeitende\" style=\"color:#d4e7ff;background:linear-gradient(135deg,rgba(35,36,120,0.93) 1%,rgba(81,136,224,0.95) 100%);font-size:28px;font-style:normal;font-weight:100;letter-spacing:1px\">Unsere<br>Mitarbeitenden<\/a><\/div>\n\n\n\n<div class=\"wp-block-button has-custom-width wp-block-button__width-25\"><a class=\"wp-block-button__link has-text-color has-background has-link-color has-custom-font-size wp-element-button\" href=\"#geschichte-des-mcl\" style=\"color:#d4e7ff;background:linear-gradient(135deg,rgba(35,36,120,0.93) 1%,rgba(81,136,224,0.95) 100%);font-size:28px;font-style:normal;font-weight:100;letter-spacing:1px\">Geschichte<br>des MCL<\/a><\/div>\n<\/div>\n\n\n\n<div style=\"height:30px\" aria-hidden=\"true\" class=\"wp-block-spacer\"><\/div>\n\n\n\n<div class=\"wp-block-buttons is-content-justification-center is-layout-flex wp-container-core-buttons-is-layout-16018d1d wp-block-buttons-is-layout-flex\">\n<div class=\"wp-block-button has-custom-width wp-block-button__width-25\"><a class=\"wp-block-button__link has-text-color has-background has-link-color has-text-align-center has-custom-font-size wp-element-button\" href=\"#statuten\" style=\"color:#d4e7ff;background:linear-gradient(135deg,rgba(35,36,120,0.93) 1%,rgba(81,136,224,0.95) 100%);font-size:28px;font-style:normal;font-weight:100;letter-spacing:1px\">Statuten 2021<\/a><\/div>\n<\/div>\n\n\n\n<div style=\"height:108px\" aria-hidden=\"true\" class=\"wp-block-spacer\"><\/div>\n\n\n\n<h1 class=\"wp-block-heading has-text-align-center has-text-color has-background has-link-color wp-elements-95bcab5daca61bc5257491fd29b0a454\" id=\"mitarbeitende\" style=\"color:#d4e7ff;background:linear-gradient(135deg,rgba(35,36,120,0.93) 1%,rgba(81,136,224,0.95) 100%);font-size:32px;letter-spacing:1px\">Mitarbeitende<\/h1>\n\n\n\n<h1 class=\"wp-block-heading has-text-align-center has-text-color has-background has-link-color wp-elements-749d542d3818211baf750a0d572ee2e7\" style=\"color:#d4e7ff;background:linear-gradient(135deg,rgba(18,19,85,0.76) 1%,rgba(81,136,224,0.54) 100%);font-size:24px;letter-spacing:1px\">Der Vorstand<\/h1>\n\n\n\n<div class=\"wp-block-media-text alignwide is-stacked-on-mobile\" style=\"grid-template-columns:15% auto\"><figure class=\"wp-block-media-text__media\"><img decoding=\"async\" src=\"https:\/\/myanmarsupport.org\/wp-content\/uploads\/2021\/07\/MJ-e1746177656397-802x1024.jpg\" alt=\"\" class=\"wp-image-74 size-full\"\/><\/figure><div class=\"wp-block-media-text__content\">\n<p class=\"has-black-color has-text-color has-background has-link-color has-medium-font-size wp-elements-5972f1bc32e3046dafac7e6b615876e5\" style=\"background-color:#abb7c229\"><strong>Mathias Jenny, Pr\u00e4sident<\/strong><br>PD Dr. Mathias Jenny, Privatdozent an der Universit\u00e4t Z\u00fcrich, ist seit \u00fcber 30 Jahren in S\u00fcdostasien in Forschung und Lehre t\u00e4tig. Er hat zahlreiche Artikel zu verschiedenen Aspekten der Kulturen und Sprachen Thailands und Burmas publiziert und Handb\u00fccher zu den Sprachen S\u00fcdostasiens herausgegeben. Nach dem Ende seiner T\u00e4tigkeit an der Universit\u00e4t Z\u00fcrich lebt Mathias Jenny seit M\u00e4rz 2022 in Thailand, wo er an der Universit\u00e4t Chiang Mai als Forscher arbeitet. Die Kontakte zu Universit\u00e4ten in Burma werden so weit wie m\u00f6glich weiter gepflegt und Forschungsprojekte mit Bezug zu Burma weitergef\u00fchrt. Mehr unter <a href=\"https:\/\/mathiasjenny.ch\/\">https:\/\/mathiasjenny.ch\/<\/a>.<\/p>\n<\/div><\/div>\n\n\n\n<div class=\"wp-block-media-text alignwide is-stacked-on-mobile\" style=\"grid-template-columns:15% auto\"><figure class=\"wp-block-media-text__media\"><img loading=\"lazy\" decoding=\"async\" width=\"782\" height=\"1024\" src=\"https:\/\/myanmarsupport.org\/wp-content\/uploads\/2021\/07\/NS-e1746178776548-782x1024.jpeg\" alt=\"\" class=\"wp-image-75 size-full\" srcset=\"https:\/\/myanmarsupport.org\/wp-content\/uploads\/2021\/07\/NS-e1746178776548-782x1024.jpeg 782w, https:\/\/myanmarsupport.org\/wp-content\/uploads\/2021\/07\/NS-e1746178776548-229x300.jpeg 229w, https:\/\/myanmarsupport.org\/wp-content\/uploads\/2021\/07\/NS-e1746178776548-768x1006.jpeg 768w, https:\/\/myanmarsupport.org\/wp-content\/uploads\/2021\/07\/NS-e1746178776548.jpeg 1027w\" sizes=\"auto, (max-width: 782px) 100vw, 782px\" \/><\/figure><div class=\"wp-block-media-text__content\">\n<p class=\"has-black-color has-text-color has-background has-link-color has-medium-font-size wp-elements-857a2156ac6f6ffada46b0bb9b274837\" style=\"background-color:#abb7c229\"><strong>Niklaus Schatzmann, Vizepr\u00e4sident<\/strong><br>Dr. Niklaus Schatzmann studierte allgemeine Geschichte und Germanistik in Z\u00fcrich und Paris. Er promovierte 2003 mit einer Untersuchung \u00fcber die Anf\u00e4nge der Hexenverfolgung auf der Alpens\u00fcdseite. Ab 1998 unterrichtete Niklaus Schatzmann die F\u00e4cher Geschichte und Deutsch an der Kantonsschule Freudenberg in Z\u00fcrich, der er von 2007 bis 2017 als Rektor vorstand. Seit 2017 leitet Niklaus Schatzmann als Amtschef das Mittelschul- und Berufsbildungsamt des Kantons Z\u00fcrich. Burma kennt er von mehreren Reisen zwischen 1993 und 2019.<\/p>\n<\/div><\/div>\n\n\n\n<div class=\"wp-block-media-text alignwide is-stacked-on-mobile\" style=\"grid-template-columns:15% auto\"><figure class=\"wp-block-media-text__media\"><img decoding=\"async\" src=\"https:\/\/myanmarsupport.org\/wp-content\/uploads\/2021\/07\/RW-e1746177568854-780x1024.jpg\" alt=\"\" class=\"wp-image-76 size-full\"\/><\/figure><div class=\"wp-block-media-text__content\">\n<p class=\"has-black-color has-text-color has-background has-link-color has-medium-font-size wp-elements-f80c593502f538c4a730270594d0fb1b\" style=\"background-color:#abb7c229\"><strong>Rachel Weymuth, Kassierin<\/strong><br>Dr. Rachel Weymuth forscht seit 2013 zur Sprache der Palaung, ein Volk im Shanstaat im Nordosten Burmas. Regelm\u00e4ssige ausgedehnte Reisen nach Burma, inklusive Besuche in Palaung-D\u00f6rfern in den schwer zug\u00e4nglichen Bergen des Shanstaats, erm\u00f6glichten ihr intensiven Kontakt und Austausch mit lokalen Helfern. Die Ergebnisse ihrer Forschungsarbeit sind in mehreren Publikationen zum Rumai, einer bislang wenig beschriebenen Palaung-Sprache im n\u00f6rdlichen Shanstaat, erschienen. Sie hat im Mai 2021 ihre Dissertation zur Grammatik des Rumai (Palaung) an der UZH erfolgreich verteidigt.<\/p>\n<\/div><\/div>\n\n\n\n<div class=\"wp-block-media-text alignwide is-stacked-on-mobile\" style=\"grid-template-columns:15% auto\"><figure class=\"wp-block-media-text__media\"><img loading=\"lazy\" decoding=\"async\" width=\"797\" height=\"1024\" src=\"https:\/\/myanmarsupport.org\/wp-content\/uploads\/2021\/07\/AH-e1746177444696-797x1024.jpg\" alt=\"\" class=\"wp-image-72 size-full\" srcset=\"https:\/\/myanmarsupport.org\/wp-content\/uploads\/2021\/07\/AH-e1746177444696-797x1024.jpg 797w, https:\/\/myanmarsupport.org\/wp-content\/uploads\/2021\/07\/AH-e1746177444696-233x300.jpg 233w, https:\/\/myanmarsupport.org\/wp-content\/uploads\/2021\/07\/AH-e1746177444696-768x987.jpg 768w, https:\/\/myanmarsupport.org\/wp-content\/uploads\/2021\/07\/AH-e1746177444696.jpg 860w\" sizes=\"auto, (max-width: 797px) 100vw, 797px\" \/><\/figure><div class=\"wp-block-media-text__content\">\n<p class=\"has-black-color has-text-color has-background has-link-color has-medium-font-size wp-elements-f55e88336df3c0b012b4527a44997bdc\" style=\"background-color:#abb7c229\"><strong>Alexandra Herdeg, Aktuarin<\/strong><br>Alexandra Herdeg ist MA Studentin an der Universit\u00e4t Z\u00fcrich und war wissenschaftliche Mitarbeiterin an Forschungs- und Publikationsprojekten zu S\u00fcdostasien. Seit 2020 ist beteiligt sie sich aktiv an der Beschreibung und Verschriftlichung des Htanaw, einer Minderheitensprache im s\u00fcdlichen Shanstaat in Burma.<\/p>\n<\/div><\/div>\n\n\n\n<div class=\"wp-block-media-text alignwide is-stacked-on-mobile\" style=\"grid-template-columns:15% auto\"><figure class=\"wp-block-media-text__media\"><img loading=\"lazy\" decoding=\"async\" width=\"795\" height=\"1024\" src=\"https:\/\/myanmarsupport.org\/wp-content\/uploads\/2025\/05\/paul_widmer-795x1024.jpg\" alt=\"\" class=\"wp-image-915 size-full\" srcset=\"https:\/\/myanmarsupport.org\/wp-content\/uploads\/2025\/05\/paul_widmer-795x1024.jpg 795w, https:\/\/myanmarsupport.org\/wp-content\/uploads\/2025\/05\/paul_widmer-233x300.jpg 233w, https:\/\/myanmarsupport.org\/wp-content\/uploads\/2025\/05\/paul_widmer-768x990.jpg 768w, https:\/\/myanmarsupport.org\/wp-content\/uploads\/2025\/05\/paul_widmer.jpg 839w\" sizes=\"auto, (max-width: 795px) 100vw, 795px\" \/><\/figure><div class=\"wp-block-media-text__content\">\n<p class=\"has-black-color has-text-color has-background has-link-color has-medium-font-size wp-elements-d795e8c2e8d360243bed1ca61492a0df\" style=\"background-color:#abb7c229\"><strong>Paul Widmer, Vorstandsmitglied<\/strong><br>Paul Widmer, Professor f\u00fcr Indogermanistik an der Universit\u00e4t Z\u00fcrich, ist historischer Sprachwissenschaftler. Er interessiert sichbesonders daf\u00fcr, wie Sprachen und Kulturen einander gegenseitig pr\u00e4gen und beeinflussen und wie die gegenw\u00e4rtige Diversit\u00e4t von Sprachen und Kulturen zustande gekommen ist. Ein Schwerpunkt seiner Interessen liegt in S\u00fcdasien und seinen Kontaktzonen zu S\u00fcdostasien, hinzu kommt sein Interesse an der Geschichte und Kultur S\u00fcdostasiens.<\/p>\n\n\n\n<p><\/p>\n<\/div><\/div>\n\n\n\n<h1 class=\"wp-block-heading has-text-align-center has-text-color has-background has-link-color wp-elements-344de296706ba8acab02851d414b916a\" style=\"color:#d4e7ff;background:linear-gradient(135deg,rgba(18,19,85,0.76) 1%,rgba(81,136,224,0.54) 100%);font-size:24px;letter-spacing:1px\">Projektmitarbeitende<\/h1>\n\n\n\n<div class=\"wp-block-media-text alignwide is-stacked-on-mobile\" style=\"grid-template-columns:15% auto\"><figure class=\"wp-block-media-text__media\"><img loading=\"lazy\" decoding=\"async\" width=\"648\" height=\"825\" src=\"https:\/\/myanmarsupport.org\/wp-content\/uploads\/2025\/05\/han_tin2-e1746178677543.png\" alt=\"\" class=\"wp-image-1006 size-full\" srcset=\"https:\/\/myanmarsupport.org\/wp-content\/uploads\/2025\/05\/han_tin2-e1746178677543.png 648w, https:\/\/myanmarsupport.org\/wp-content\/uploads\/2025\/05\/han_tin2-e1746178677543-236x300.png 236w\" sizes=\"auto, (max-width: 648px) 100vw, 648px\" \/><\/figure><div class=\"wp-block-media-text__content\">\n<p class=\"has-black-color has-text-color has-background has-link-color has-medium-font-size wp-elements-62991bc6ad8dc67a870966e380df5463\" style=\"background-color:#abb7c229\"><strong>Han Tin, Htanaw Language Project coordinator<\/strong><br>Han Tin ist Htanaw-Sprecher aus einem Dorf im S\u00fcd-Shan State. Er ist seit 2020 als Assistent im Htanaw Orthografie Projekt aktiv und hat eine f\u00fchrende Rolle bei der Entwicklung und Verbreitung der Schrift. Seit August 2022 lebt er in Chiang Mai, wo er zwei Jahre Thai Sprachkurs an der Universit\u00e4t Chiang Mai abgeschlossen hat. Seit 2023 hat Han Tin vom MCL ein monatliches Stipendium f\u00fcr das Erstellen eines Lehrbuchs f\u00fcr Htanaw erhalten, ab September 2024 ist er vom MCL in Zusammenarbeit mit der Universit\u00e4t Chiang Mai als Projektkoordinator angestellt. Er k\u00fcmmert sich um die Zusammenarbeit mit anderen Htanaw Sprechern, sowie um die Pflege der verschiedenen Medienkan\u00e4le (YouTube, TikTok, Instagram, etc.). Daneben ist Han Tin verantwortlich f\u00fcr die Koordination der Zusammenarbeit mit Leuten in Burma und in der Diaspora in Thailand. Alle Links und mehr Informationen unter <a href=\"https:\/\/htanawsar.org\/\">https:\/\/htanawsar.org\/<\/a>.<\/p>\n<\/div><\/div>\n\n\n\n<div style=\"height:100px\" aria-hidden=\"true\" id=\"geschichte-des-mcl\" class=\"wp-block-spacer\"><\/div>\n\n\n\n<h1 class=\"wp-block-heading has-text-align-center has-text-color has-background has-link-color wp-elements-ad7b28330be7ba39f59249646b1063c0\" style=\"color:#d4e7ff;background:linear-gradient(135deg,rgba(35,36,120,0.93) 1%,rgba(81,136,224,0.95) 100%);font-size:32px;letter-spacing:1px\">Geschichte des MCL<\/h1>\n\n\n\n<p class=\"has-black-color has-text-color has-background has-link-color has-medium-font-size wp-elements-ce24ad06a273b0a9e913942222cb62e7\" style=\"background-color:#abb7c229\">Der MCL wurde im Jahr 2001 in Sangkhlaburi, Thailand, unter dem Namen <strong>&#8220;Mon Culture and Literature Survival Project&#8221;<\/strong> gegr\u00fcndet und 2002 in Z\u00fcrich als gemeinn\u00fctziger Verein mit Steuerbefreiung registriert. Ziel des MCL war die F\u00f6rderung und Dokumentation der Mon Kultur und Literatur in Zusammenarbeit mit den Leutren in Sangkhlaburi, einer Mon-Diasporagemeinde nahe der burmesischen Grenze.<\/p>\n\n\n\n<div data-wp-interactive=\"core\/file\" class=\"wp-block-file aligncenter\"><object data-wp-bind--hidden=\"!state.hasPdfPreview\" hidden class=\"wp-block-file__embed\" data=\"https:\/\/myanmarsupport.org\/wp-content\/uploads\/2021\/08\/mcl_presentation_deutsch.pdf\" type=\"application\/pdf\" style=\"width:100%;height:700px\" aria-label=\"Embed of MCL_Altivit\u00e4ten seit 2001.\"><\/object><a id=\"wp-block-file--media-2c7a2de0-26ca-43cb-81be-8eee9b374105\" href=\"https:\/\/myanmarsupport.org\/wp-content\/uploads\/2021\/08\/mcl_presentation_deutsch.pdf\" target=\"_blank\" rel=\"noreferrer noopener\">MCL_Altivit\u00e4ten seit 2001<\/a><\/div>\n\n\n\n<p class=\"has-black-color has-text-color has-background has-link-color has-medium-font-size wp-elements-995acff155e4f5f224109d5bf27bcdc9\" style=\"background-color:#abb7c229\"><strong>Mon Tanz- und Musikprojekt<\/strong><br><br>Zwischen 2002 und 2012 unterst:utze der MCL das Mon Tanz- und Musikprojekt in Sangkhlaburi finanziell und organisatorisch. Dankl Spendengeldern konnte der MCL eine komplettes Set von traditionellen Mon Instrumenten aus Burma kaufen und den Projektleitern, Nai Ork Pung, Nai Suntorn, und Mi Oraphan \u00fcbergeben. Interessierte Kinder im Dorf erhielten Unterricht in Tanz und Musik, Nai Ork Pung komponierte und ver\u00f6ffentlcihte zahlreiche Lieder und Musikst\u00fccke. Die Truppe hatte viele Auftritte in Sangkhla und iun anderen Gemeinden mit Monbev\u00f6lkerung in Thailand und in befreiten Gebieten des Monstaats in Burma. Durch diese Auftritte Einnahmen wurde das Projekt finanziell und immer mehr auch organisatorisch unabh\u00e4ngig und wurde ab 2012 ohne weitere regelm\u00e4ssige Unterst\u00fctzung des MCL weitergef\u00fchrt.<\/p>\n\n\n\n<div style=\"height:24px\" aria-hidden=\"true\" class=\"wp-block-spacer\"><\/div>\n\n\n<div class=\"wp-block-image\">\n<figure class=\"alignleft size-full is-resized\"><img loading=\"lazy\" decoding=\"async\" width=\"357\" height=\"467\" src=\"http:\/\/trsf.site\/wp-content\/uploads\/2021\/08\/Capture.png\" alt=\"\" class=\"wp-image-110\" style=\"width:174px;height:auto\" srcset=\"https:\/\/myanmarsupport.org\/wp-content\/uploads\/2021\/08\/Capture.png 357w, https:\/\/myanmarsupport.org\/wp-content\/uploads\/2021\/08\/Capture-229x300.png 229w\" sizes=\"auto, (max-width: 357px) 100vw, 357px\" \/><\/figure>\n<\/div>\n\n\n<p class=\"has-black-color has-text-color has-background has-link-color has-medium-font-size wp-elements-dafd8050c125bba90b03d1b825f7dd1f\" style=\"background-color:#abb7c229\"><strong>Mon Sprache und Literatur<\/strong><br><br>Die Initiatoren des MCL, Nai Ok Pung und Mathias Jenny, bauten seit 2001 eine Sammlung von Mon-B\u00fcchern und Kopien von alten Manuskripten auf, die In Sangkhlaburi aufbewahrt und interessierten Forschenden zug\u00e4nglich gemacht wurden. Aus der Zusammenarbeit resultierten zahlreiche Neupublikationen von alten Mon-Texten, sowie wissenschaftliche Arbeiten zum Mon.<\/p>\n\n\n\n<div style=\"height:21px\" aria-hidden=\"true\" class=\"wp-block-spacer\"><\/div>\n\n\n<div class=\"wp-block-image\">\n<figure class=\"alignright size-full is-resized\"><img loading=\"lazy\" decoding=\"async\" width=\"806\" height=\"833\" src=\"https:\/\/myanmarsupport.org\/wp-content\/uploads\/2021\/08\/cropped-logo1.png\" alt=\"\" class=\"wp-image-154\" style=\"width:206px;height:auto\" srcset=\"https:\/\/myanmarsupport.org\/wp-content\/uploads\/2021\/08\/cropped-logo1.png 806w, https:\/\/myanmarsupport.org\/wp-content\/uploads\/2021\/08\/cropped-logo1-290x300.png 290w, https:\/\/myanmarsupport.org\/wp-content\/uploads\/2021\/08\/cropped-logo1-768x794.png 768w\" sizes=\"auto, (max-width: 806px) 100vw, 806px\" \/><\/figure>\n<\/div>\n\n\n<p class=\"has-black-color has-text-color has-background has-link-color has-medium-font-size wp-elements-48185f1274885e5fc87e8bd95eb7f78e\" style=\"background-color:#abb7c229\"><strong>Neukonstituierung des MCL<\/strong><br><br>Nachdem der MCL einige Jahre seine Aktivit\u00e4ten zur\u00fcckgefahren hatte und die Monprojekte in Sangkhlaburi selbst\u00e4ndig weiter liefen, hat der Vorstand 2021 der Generalversammlung den Vorschlag gemacht, den Verein umzubenennen und die Zielsetzungen der ver\u00e4nderten Lage anzupassen. Pl\u00f6tzlich ist Hilfe f\u00fcr Myanmar wieder eine dringende Notwendigkeit. Das <strong>&#8220;Mon Culture and Literature Survival Project (MCL)&#8221; <\/strong>heisst neu <strong>&#8220;Myanmar Cultures and Languages Support Project (MCL)&#8221;<\/strong> und verfolgt das Ziel, Kulturen und Sprachen der verschiedenen V\u00f6lker im Land zu unterst\u00fctzen und f\u00f6rdern. Mit dem neu ausgerichteten Verein hoffen wir, einen kleinen Beitrag zur Entwicklung in Myanmar leisten zu k\u00f6nnen.<\/p>\n\n\n\n<div style=\"height:100px\" aria-hidden=\"true\" id=\"statuten\" class=\"wp-block-spacer\"><\/div>\n\n\n\n<h2 class=\"wp-block-heading has-text-align-center has-text-color has-background has-link-color wp-elements-1b8b66518be6d117b1e53a50074d6ef0\" style=\"color:#d4e7ff;background:linear-gradient(135deg,rgba(35,36,120,0.93) 1%,rgba(81,136,224,0.95) 100%);font-size:32px;letter-spacing:1px\"><strong>Statuten 2021<\/strong><\/h2>\n\n\n\n<div data-wp-interactive=\"core\/file\" class=\"wp-block-file aligncenter\"><object data-wp-bind--hidden=\"!state.hasPdfPreview\" hidden class=\"wp-block-file__embed\" data=\"https:\/\/myanmarsupport.org\/wp-content\/uploads\/2025\/04\/2021_MCL_Statuten.pdf\" type=\"application\/pdf\" style=\"width:100%;height:550px\" aria-label=\"Embed of 2021_MCL_Statuten.\"><\/object><a id=\"wp-block-file--media-372aa8b9-bee8-4d37-9241-875d9a4e800a\" href=\"https:\/\/myanmarsupport.org\/wp-content\/uploads\/2025\/04\/2021_MCL_Statuten.pdf\" target=\"_blank\" rel=\"noreferrer noopener\">2021_MCL_Statuten<\/a><\/div>\n\n\n\n<p class=\"has-text-align-center\"><\/p>\n\n\n\n<p><\/p>\n","protected":false},"excerpt":{"rendered":"<p>Mitarbeitende Der Vorstand Mathias Jenny, Pr\u00e4sidentPD Dr. Mathias Jenny, Privatdozent an der Universit\u00e4t Z\u00fcrich, ist seit \u00fcber 30 Jahren in S\u00fcdostasien in Forschung und Lehre t\u00e4tig. Er hat zahlreiche Artikel zu verschiedenen Aspekten der Kulturen und Sprachen Thailands und Burmas publiziert und Handb\u00fccher zu den Sprachen S\u00fcdostasiens herausgegeben. Nach dem Ende seiner T\u00e4tigkeit an der [&hellip;]<\/p>\n","protected":false},"author":1,"featured_media":0,"parent":57,"menu_order":0,"comment_status":"closed","ping_status":"closed","template":"","meta":{"_monsterinsights_skip_tracking":false,"_monsterinsights_sitenote_active":false,"_monsterinsights_sitenote_note":"","_monsterinsights_sitenote_category":0,"footnotes":""},"class_list":["post-328","page","type-page","status-publish","hentry"],"aioseo_notices":[],"jetpack_sharing_enabled":true,"_links":{"self":[{"href":"https:\/\/myanmarsupport.org\/index.php\/wp-json\/wp\/v2\/pages\/328","targetHints":{"allow":["GET"]}}],"collection":[{"href":"https:\/\/myanmarsupport.org\/index.php\/wp-json\/wp\/v2\/pages"}],"about":[{"href":"https:\/\/myanmarsupport.org\/index.php\/wp-json\/wp\/v2\/types\/page"}],"author":[{"embeddable":true,"href":"https:\/\/myanmarsupport.org\/index.php\/wp-json\/wp\/v2\/users\/1"}],"replies":[{"embeddable":true,"href":"https:\/\/myanmarsupport.org\/index.php\/wp-json\/wp\/v2\/comments?post=328"}],"version-history":[{"count":134,"href":"https:\/\/myanmarsupport.org\/index.php\/wp-json\/wp\/v2\/pages\/328\/revisions"}],"predecessor-version":[{"id":1914,"href":"https:\/\/myanmarsupport.org\/index.php\/wp-json\/wp\/v2\/pages\/328\/revisions\/1914"}],"up":[{"embeddable":true,"href":"https:\/\/myanmarsupport.org\/index.php\/wp-json\/wp\/v2\/pages\/57"}],"wp:attachment":[{"href":"https:\/\/myanmarsupport.org\/index.php\/wp-json\/wp\/v2\/media?parent=328"}],"curies":[{"name":"wp","href":"https:\/\/api.w.org\/{rel}","templated":true}]}}