{"id":82,"date":"2021-08-08T12:40:40","date_gmt":"2021-08-08T12:40:40","guid":{"rendered":"https:\/\/trsf.site\/?page_id=82"},"modified":"2026-03-26T12:22:04","modified_gmt":"2026-03-26T12:22:04","slug":"was-wir-machen","status":"publish","type":"page","link":"https:\/\/myanmarsupport.org\/index.php\/home\/was-wir-machen\/","title":{"rendered":"Was wir machen"},"content":{"rendered":"\n<div style=\"height:54px\" aria-hidden=\"true\" class=\"wp-block-spacer\"><\/div>\n\n\n\n<p class=\"has-black-color has-text-color has-background has-link-color has-medium-font-size wp-elements-c9b03c55131135e03fbad716c5233f94\" style=\"background-color:#9aceff29\"><strong>Was k\u00f6nnen wir aktuell tun? <\/strong><br>Die Lage in Myanmar gestaltet es im Moment f\u00fcr eine kleine NGO wie den MCL schwierig bis unm\u00f6glich, vor Ort aktiv zu sein. In den von der Milit\u00e4rregierung kontrollierten Gebieten ist eine T\u00e4tigkeit ausgeschlossen, da wir eine Zusammenarbeit ablehnen. Zu den unabh\u00e4ngigen Gebieten, die sich zur demokratisch gew\u00e4hlten Regierung (NUG, National Unity Government) bekennen, ist ein Zugang ebenfalls nicht m\u00f6glich, zumal in diesen Regionen gek\u00e4mpft wird. Unsere T\u00e4tigkeit besteht deswegen aktuell in der Fortf\u00fchrung unserer Sprach- und Kulturprojekte von Chiang Mai aus \u2013 die Kommunikation mit den Projektmitarbeitenden vor Ort in Myanmar ist online m\u00f6glich \u2013 und im Aufbau eines Netzwerks, das auch weitere Handlungsfelder, insbesondere im Bereich der Berufsbildung, beinhaltet.<\/p>\n\n\n\n<div style=\"height:104px\" aria-hidden=\"true\" id=\"laufende-aktivitaeten\" class=\"wp-block-spacer\"><\/div>\n\n\n\n<div class=\"wp-block-buttons is-content-justification-center is-layout-flex wp-container-core-buttons-is-layout-16018d1d wp-block-buttons-is-layout-flex\">\n<div class=\"wp-block-button has-custom-width wp-block-button__width-25\"><a class=\"wp-block-button__link has-text-color has-background has-link-color has-custom-font-size wp-element-button\" href=\"#laufende-aktivitaeten\" style=\"color:#d4e7ff;background:linear-gradient(135deg,rgba(35,36,120,0.93) 1%,rgba(81,136,224,0.95) 100%);font-size:28px;font-style:normal;font-weight:100;letter-spacing:1px\">Laufende<br>Aktivit\u00e4ten<\/a><\/div>\n\n\n\n<div class=\"wp-block-button\"><a class=\"wp-block-button__link has-text-color has-background has-link-color has-custom-font-size wp-element-button\" href=\"#erdbeben\" style=\"color:#d4e7ff;background:linear-gradient(135deg,rgba(35,36,120,0.93) 1%,rgba(81,136,224,0.95) 100%);font-size:28px;font-style:normal;font-weight:100;letter-spacing:1px\">Erdbeben<br>M\u00e4rz 2025<\/a><\/div>\n<\/div>\n\n\n\n<div style=\"height:25px\" aria-hidden=\"true\" class=\"wp-block-spacer\"><\/div>\n\n\n\n<div class=\"wp-block-buttons is-content-justification-center is-layout-flex wp-container-core-buttons-is-layout-16018d1d wp-block-buttons-is-layout-flex\">\n<div class=\"wp-block-button\"><a class=\"wp-block-button__link has-text-color has-background has-link-color has-custom-font-size wp-element-button\" href=\"#projekte-im-aufbau\" style=\"color:#d4e7ff;background:linear-gradient(135deg,rgba(35,36,120,0.93) 1%,rgba(81,136,224,0.95) 100%);font-size:28px;font-style:normal;font-weight:100;letter-spacing:1px\">Projekte<br>im Aufbau<\/a><\/div>\n\n\n\n<div class=\"wp-block-button\"><a class=\"wp-block-button__link has-text-color has-background has-link-color has-custom-font-size wp-element-button\" href=\"#jahresbericht\" style=\"color:#d4e7ff;background:linear-gradient(135deg,rgba(35,36,120,0.93) 1%,rgba(81,136,224,0.95) 100%);font-size:28px;font-style:normal;font-weight:100;letter-spacing:1px\">Jaresbericht 2024\/25<\/a><\/div>\n<\/div>\n\n\n\n<div style=\"height:173px\" aria-hidden=\"true\" class=\"wp-block-spacer\"><\/div>\n\n\n\n<h1 class=\"wp-block-heading has-text-align-center has-text-color has-background has-link-color wp-elements-448a5f6254178a01688864b10bca683c\" style=\"color:#d4e7ff;background:linear-gradient(135deg,rgba(35,36,120,0.93) 1%,rgba(81,136,224,0.95) 100%);font-size:32px;letter-spacing:1px\">Laufende Aktivit\u00e4ten<\/h1>\n\n\n\n<div style=\"height:33px\" aria-hidden=\"true\" class=\"wp-block-spacer\"><\/div>\n\n\n\n<div class=\"wp-block-group has-background\" style=\"background-color:#9aceff29\"><div class=\"wp-block-group__inner-container is-layout-constrained wp-block-group-is-layout-constrained\">\n<figure class=\"wp-block-embed alignright is-type-video is-provider-youtube wp-block-embed-youtube wp-embed-aspect-16-9 wp-has-aspect-ratio\"><div class=\"wp-block-embed__wrapper\">\n<iframe loading=\"lazy\" title=\"\u1011\u1014\u1031\u102c\u1037 \u1010\u102d\u102f\u1004\u103a\u1038\u101b\u1004\u103a\u1038\u101e\u102c\u1038\u1010\u102d\u102f\u1037\u101b\u1032\u1037 \u1014\u1010\u103a\u1010\u1000\u103a\u1015\u103d\u1032 2024\" width=\"640\" height=\"360\" src=\"https:\/\/www.youtube.com\/embed\/fCojXeZvyU8?feature=oembed\" frameborder=\"0\" allow=\"accelerometer; autoplay; clipboard-write; encrypted-media; gyroscope; picture-in-picture; web-share\" referrerpolicy=\"strict-origin-when-cross-origin\" allowfullscreen><\/iframe>\n<\/div><\/figure>\n\n\n\n<p class=\"has-black-color has-text-color has-link-color has-medium-font-size wp-elements-41c6829ed7a444eda9846061c3098626\"><br><strong>Projekt: Htanaw Video Dokumentation<\/strong><br><br><a href=\"https:\/\/www.youtube.com\/@htanawsar\" target=\"_blank\" rel=\"noopener\" title=\"\">https:\/\/www.youtube.com\/@htanawsar<\/a><br><\/p>\n\n\n\n<p class=\"has-black-color has-text-color has-link-color has-medium-font-size wp-elements-728660d7e0a0ee2dad0dd80ad96c4a85\"><br><\/p>\n\n\n\n<p class=\"has-black-color has-text-color has-link-color has-medium-font-size wp-elements-2bbc861656c94b1771e8b5bc292dcefd\"><br>Impressionen aus Taung Poe Hla (Dezember 2024)<br>Kamera: Sein Win<br>Edition\/Untertitel auf Htanaw und Burmesisch: Han Tin<\/p>\n\n\n\n<div class=\"wp-block-buttons is-content-justification-right is-layout-flex wp-container-core-buttons-is-layout-e6df00e8 wp-block-buttons-is-layout-flex\"><\/div>\n<\/div><\/div>\n\n\n\n<div style=\"height:9px\" aria-hidden=\"true\" class=\"wp-block-spacer\"><\/div>\n\n\n\n<div class=\"wp-block-buttons is-horizontal is-content-justification-right is-layout-flex wp-container-core-buttons-is-layout-ae2fe186 wp-block-buttons-is-layout-flex\">\n<div class=\"wp-block-button\"><a class=\"wp-block-button__link has-background has-medium-font-size has-custom-font-size wp-element-button\" href=\"https:\/\/myanmarsupport.org\/index.php\/home\/mcl-unterstuetzen\/\" style=\"border-radius:16px;background-color:#449e82d6;font-style:normal;font-weight:100;letter-spacing:1px\" target=\"_blank\" rel=\"noreferrer noopener\">spenden<\/a><\/div>\n<\/div>\n\n\n\n<div style=\"height:181px\" aria-hidden=\"true\" class=\"wp-block-spacer\"><\/div>\n\n\n\n<figure class=\"wp-block-image alignfull size-large\"><img loading=\"lazy\" decoding=\"async\" width=\"1024\" height=\"391\" src=\"https:\/\/myanmarsupport.org\/wp-content\/uploads\/2025\/12\/20231210_152229-1024x391.jpg\" alt=\"\" class=\"wp-image-2041\" srcset=\"https:\/\/myanmarsupport.org\/wp-content\/uploads\/2025\/12\/20231210_152229-1024x391.jpg 1024w, https:\/\/myanmarsupport.org\/wp-content\/uploads\/2025\/12\/20231210_152229-300x115.jpg 300w, https:\/\/myanmarsupport.org\/wp-content\/uploads\/2025\/12\/20231210_152229-768x294.jpg 768w, https:\/\/myanmarsupport.org\/wp-content\/uploads\/2025\/12\/20231210_152229-1536x587.jpg 1536w, https:\/\/myanmarsupport.org\/wp-content\/uploads\/2025\/12\/20231210_152229-2048x783.jpg 2048w\" sizes=\"auto, (max-width: 1024px) 100vw, 1024px\" \/><\/figure>\n\n\n\n<p class=\"has-black-color has-text-color has-background has-link-color has-medium-font-size wp-elements-65da0d09d119fc000c2b2cb96b094acb\" style=\"background-color:#9aceff29\"><br><strong>Projekt: <strong>Beschreibu<\/strong>ng und Verschriftlichung des Htanaw<\/strong><br><br><br>\u279c <strong>Dokumentation von Kultur und Sprache in Zusammenarbeit mit der <strong>Sprachgemeinschaft<\/strong><\/strong><br><br><a href=\"https:\/\/sites.google.com\/view\/htanawsar\/home\" target=\"_blank\" rel=\"noopener\" title=\"\">https:\/\/sites.google.com\/view\/htanawsar\/home<\/a><br><a href=\"https:\/\/livingdictionaries.app\/htanaw\/entries\" target=\"_blank\" rel=\"noopener\" title=\"\">https:\/\/livingdictionaries.app\/htanaw\/entries<\/a><br><a href=\"http:\/\/www.youtube.com\/@htanawsar\" target=\"_blank\" rel=\"noopener\" title=\"\">www.youtube.com\/@htanawsar<\/a><br><br><br>\u279c <strong>Entwicklung, Vermitteln und Verbreiten der Htanaw-Schrift zusammen mit der Sprachgemeinschaft<\/strong><br><br><a href=\"https:\/\/www.facebook.com\/profile.php?id=100072050201096\" target=\"_blank\" rel=\"noopener\" title=\"\">https:\/\/www.facebook.com\/profile.php?id=100072050201096<\/a><br><a href=\"http:\/\/tiktok.com\/@htanawsar0\" target=\"_blank\" rel=\"noopener\" title=\"\">tiktok.com\/@htanawsar0<\/a><br><br><\/p>\n\n\n\n<div class=\"wp-block-buttons is-content-justification-right is-layout-flex wp-container-core-buttons-is-layout-765c4724 wp-block-buttons-is-layout-flex\">\n<div class=\"wp-block-button\"><a class=\"wp-block-button__link has-background has-medium-font-size has-custom-font-size wp-element-button\" href=\"https:\/\/myanmarsupport.org\/index.php\/home\/mcl-unterstuetzen\/\" style=\"border-radius:16px;background-color:#449e82d6;font-style:normal;font-weight:100;letter-spacing:1px\" target=\"_blank\" rel=\"noreferrer noopener\">spenden<\/a><\/div>\n<\/div>\n\n\n\n<div style=\"height:37px\" aria-hidden=\"true\" class=\"wp-block-spacer\"><\/div>\n\n\n\n<div data-wp-interactive=\"core\/file\" class=\"wp-block-file\"><object data-wp-bind--hidden=\"!state.hasPdfPreview\" hidden class=\"wp-block-file__embed\" data=\"https:\/\/myanmarsupport.org\/wp-content\/uploads\/2026\/03\/Htanaw-National-Day-2026.docx-1.pdf\" type=\"application\/pdf\" style=\"width:100%;height:600px\" aria-label=\"Embed of Htanaw National Day 2026.docx.\"><\/object><a id=\"wp-block-file--media-edf8c11a-7725-4828-b370-29d4f9f6010b\" href=\"https:\/\/myanmarsupport.org\/wp-content\/uploads\/2026\/03\/Htanaw-National-Day-2026.docx-1.pdf\">Htanaw National Day 2026.docx<\/a><a href=\"https:\/\/myanmarsupport.org\/wp-content\/uploads\/2026\/03\/Htanaw-National-Day-2026.docx-1.pdf\" class=\"wp-block-file__button wp-element-button\" download aria-describedby=\"wp-block-file--media-edf8c11a-7725-4828-b370-29d4f9f6010b\">Download<\/a><\/div>\n\n\n\n<div style=\"height:73px\" aria-hidden=\"true\" class=\"wp-block-spacer\"><\/div>\n\n\n\n<div data-wp-interactive=\"core\/file\" class=\"wp-block-file\"><object data-wp-bind--hidden=\"!state.hasPdfPreview\" hidden class=\"wp-block-file__embed\" data=\"https:\/\/myanmarsupport.org\/wp-content\/uploads\/2026\/03\/Htanaw-Workshop-Marz-2026-1.pdf\" type=\"application\/pdf\" style=\"width:100%;height:600px\" aria-label=\"Embed of Htanaw Workshop Ma\u0308rz 2026.\"><\/object><a id=\"wp-block-file--media-3e27e675-60da-493e-9f5f-48c2ee5420ad\" href=\"https:\/\/myanmarsupport.org\/wp-content\/uploads\/2026\/03\/Htanaw-Workshop-Marz-2026-1.pdf\">Htanaw Workshop Ma\u0308rz 2026<\/a><a href=\"https:\/\/myanmarsupport.org\/wp-content\/uploads\/2026\/03\/Htanaw-Workshop-Marz-2026-1.pdf\" class=\"wp-block-file__button wp-element-button\" download aria-describedby=\"wp-block-file--media-3e27e675-60da-493e-9f5f-48c2ee5420ad\">Download<\/a><\/div>\n\n\n\n<div style=\"height:77px\" aria-hidden=\"true\" class=\"wp-block-spacer\"><\/div>\n\n\n\n<div data-wp-interactive=\"core\/file\" class=\"wp-block-file\"><object data-wp-bind--hidden=\"!state.hasPdfPreview\" hidden class=\"wp-block-file__embed\" data=\"https:\/\/myanmarsupport.org\/wp-content\/uploads\/2025\/12\/Htanaw-primer-complete.pdf\" type=\"application\/pdf\" style=\"width:100%;height:440px\" aria-label=\"Embed of Htanaw_Primer.\"><\/object><a id=\"wp-block-file--media-47f2f524-9599-434b-8aa0-739731c15d17\" href=\"https:\/\/myanmarsupport.org\/wp-content\/uploads\/2025\/12\/Htanaw-primer-complete.pdf\">Htanaw_Primer<\/a><a href=\"https:\/\/myanmarsupport.org\/wp-content\/uploads\/2025\/12\/Htanaw-primer-complete.pdf\" class=\"wp-block-file__button wp-element-button\" download aria-describedby=\"wp-block-file--media-47f2f524-9599-434b-8aa0-739731c15d17\">Download<\/a><\/div>\n\n\n\n<div style=\"height:53px\" aria-hidden=\"true\" class=\"wp-block-spacer\"><\/div>\n\n\n\n<p class=\"has-black-color has-text-color has-background has-link-color has-medium-font-size wp-elements-0a78586824c8966ba8cf762fa4c881da\" style=\"background-color:#9aceff29\"><br><strong>Beschreibung des Rumai (Palaung)<\/strong><br><br><\/p>\n\n\n\n<p class=\"has-black-color has-text-color has-background has-link-color has-medium-font-size wp-elements-00f68d4f90d30a7c1664ace1065791d8\" style=\"background-color:#9aceff29\"><br><strong>Mon Grammatik und Literatur<\/strong><br><br><a href=\"https:\/\/sites.google.com\/view\/mathiasjenny\/home\/research\/mon-grammar\" target=\"_blank\" rel=\"noopener\" title=\"\">https:\/\/sites.google.com\/view\/mathiasjenny\/home\/research\/mon-grammar<\/a><br><br><\/p>\n\n\n<div class=\"wp-block-image\">\n<figure class=\"alignright size-full is-resized\"><img loading=\"lazy\" decoding=\"async\" width=\"378\" height=\"314\" src=\"https:\/\/myanmarsupport.org\/wp-content\/uploads\/2025\/12\/Screenshot-2025-12-19-at-8.09.23-PM-1.png\" alt=\"\" class=\"wp-image-2068\" style=\"width:206px;height:auto\" srcset=\"https:\/\/myanmarsupport.org\/wp-content\/uploads\/2025\/12\/Screenshot-2025-12-19-at-8.09.23-PM-1.png 378w, https:\/\/myanmarsupport.org\/wp-content\/uploads\/2025\/12\/Screenshot-2025-12-19-at-8.09.23-PM-1-300x249.png 300w\" sizes=\"auto, (max-width: 378px) 100vw, 378px\" \/><\/figure>\n<\/div>\n\n\n<p class=\"has-black-color has-text-color has-background has-link-color has-medium-font-size wp-elements-81057da4c638936f22d37c0465e9dd5c\" style=\"background-color:#9aceff29\"><br><strong>Online-Unterricht mit dem National Unity Government (NUG)<\/strong><br><br>Unterricht f\u00fcr Dozenten und Studierende in Zusammenarbeit mit der demokratischen Bewegung\/Schattenregierung NUG.<br><br><\/p>\n\n\n<div class=\"wp-block-image\">\n<figure class=\"alignright size-full is-resized\"><img loading=\"lazy\" decoding=\"async\" width=\"870\" height=\"668\" src=\"https:\/\/myanmarsupport.org\/wp-content\/uploads\/2025\/12\/mnc.png\" alt=\"\" class=\"wp-image-2063\" style=\"width:205px;height:auto\" srcset=\"https:\/\/myanmarsupport.org\/wp-content\/uploads\/2025\/12\/mnc.png 870w, https:\/\/myanmarsupport.org\/wp-content\/uploads\/2025\/12\/mnc-300x230.png 300w, https:\/\/myanmarsupport.org\/wp-content\/uploads\/2025\/12\/mnc-768x590.png 768w\" sizes=\"auto, (max-width: 870px) 100vw, 870px\" \/><\/figure>\n<\/div>\n\n\n<p class=\"has-black-color has-text-color has-background has-link-color has-medium-font-size wp-elements-62d2e192bbe06abc8a29b7a24c53b231\" style=\"background-color:#9aceff29\"><br><strong>Mon National College (MNC)<\/strong><br><br>Zusammenarbeit mit dem <a href=\"https:\/\/moncollege.org\/\" target=\"_blank\" rel=\"noopener\" title=\"\">Mon National College MNC<\/a> zur St\u00e4rkung der Mon-Kultur, insbesondere im S\u00fcden Myanmars.<br><br><\/p>\n\n\n\n<div style=\"height:148px\" aria-hidden=\"true\" id=\"erdbeben\" class=\"wp-block-spacer\"><\/div>\n\n\n\n<h1 class=\"wp-block-heading has-text-align-center has-text-color has-background has-link-color wp-elements-24923a7146bc263b0c6e165c85c3564a\" style=\"color:#d4e7ff;background:linear-gradient(135deg,rgba(35,36,120,0.93) 1%,rgba(81,136,224,0.95) 100%);font-size:32px;letter-spacing:1px\"><strong><strong>Erdbeben M\u00e4rz 2025<\/strong><\/strong><\/h1>\n\n\n\n<div style=\"height:13px\" aria-hidden=\"true\" class=\"wp-block-spacer\"><\/div>\n\n\n\n<p class=\"has-text-align-left has-black-color has-text-color has-background has-link-color has-medium-font-size wp-elements-c938131775a4010bc1f7591a2ff932d0\" style=\"background-color:#9aceff29\">Nach dem schweren Erdbeben, das am 28. M\u00e4rz 2025 Zentralburma ersch\u00fctterte und schwere Sch\u00e4den anrichtete und unz\u00e4hlige Leben zerst\u00f6rte, hat der MCL um Spenden f\u00fcr die am schwersten betroffenen Gebiete gebeten. Bis zum 5. April sind bei uns 4400 CHF (170,000 THB beim derzeitigen Wechselkurs) eingegangen. Der Betrag wurde vollumf\u00e4nglich an die \u00abBurma Students\u02c8 Association\u00bb der Universit\u00e4t Chiang Mai weitergeleitet, welche die Gelder fortlaufend \u00fcber private Kan\u00e4le nach Burma \u00fcberweist. Bilder von der Hilfe vor Ort ver\u00f6ffentlicht die Organisation regelm\u00e4ssig auf ihrer Facebook Seite: <a href=\"https:\/\/www.facebook.com\/burmastudentsassociationchiangmaiuniversity\" target=\"_blank\" rel=\"noopener\" title=\"\">https:\/\/www.facebook.com\/burmastudentsassociationchiangmaiuniversity<\/a>. Am 9. April konnten wir weitere 1100 CHF (45,000 THB beim \u00fcbers Wochenende angestiegenen Wechselkurs) \u00fcberweisen. Diese Spende ging vollumf\u00e4nglich an den \u00abUrgent Action Fund, Asia and Pacific\u00bb <a href=\"https:\/\/www.facebook.com\/uafasiapacific\" target=\"_blank\" rel=\"noopener\" title=\"\">https:\/\/www.facebook.com\/uafasiapacific<\/a>, von wo aus das Geld in Myanmar weiterverteilt wird. In diesem Fall ging die Spende an die informelle, religions\u00fcbergreifende Gruppe \u00abLucia Hope\u00bb, welche im stark betroffenen Shan Staat aktiv ist.<br><br><strong>Herzlichen Dank f\u00fcr die Spenden!<\/strong><\/p>\n\n\n\n<div class=\"wp-block-columns is-layout-flex wp-container-core-columns-is-layout-9d6595d7 wp-block-columns-is-layout-flex\">\n<div class=\"wp-block-column is-layout-flow wp-block-column-is-layout-flow\" style=\"flex-basis:100%\">\n<figure class=\"wp-block-gallery has-nested-images columns-default is-cropped wp-block-gallery-1 is-layout-flex wp-block-gallery-is-layout-flex\">\n<figure class=\"wp-block-image size-large is-resized\"><img loading=\"lazy\" decoding=\"async\" width=\"1024\" height=\"724\" data-id=\"838\" src=\"https:\/\/myanmarsupport.org\/wp-content\/uploads\/2025\/04\/IMG-34197192daa46b4df1f7b71159616d5b-V-1024x724.jpg\" alt=\"\" class=\"wp-image-838\" style=\"width:513px;height:auto\" srcset=\"https:\/\/myanmarsupport.org\/wp-content\/uploads\/2025\/04\/IMG-34197192daa46b4df1f7b71159616d5b-V-1024x724.jpg 1024w, https:\/\/myanmarsupport.org\/wp-content\/uploads\/2025\/04\/IMG-34197192daa46b4df1f7b71159616d5b-V-300x212.jpg 300w, https:\/\/myanmarsupport.org\/wp-content\/uploads\/2025\/04\/IMG-34197192daa46b4df1f7b71159616d5b-V-768x543.jpg 768w, https:\/\/myanmarsupport.org\/wp-content\/uploads\/2025\/04\/IMG-34197192daa46b4df1f7b71159616d5b-V-1536x1086.jpg 1536w, https:\/\/myanmarsupport.org\/wp-content\/uploads\/2025\/04\/IMG-34197192daa46b4df1f7b71159616d5b-V.jpg 1800w\" sizes=\"auto, (max-width: 1024px) 100vw, 1024px\" \/><\/figure>\n\n\n\n<figure class=\"wp-block-image size-large is-resized\"><img loading=\"lazy\" decoding=\"async\" width=\"1024\" height=\"791\" data-id=\"805\" src=\"https:\/\/myanmarsupport.org\/wp-content\/uploads\/2025\/04\/IMG-eff67fe8284f8bb816b8ff87889685e7-V-1-1024x791.jpg\" alt=\"\" class=\"wp-image-805\" style=\"width:506px;height:auto\" srcset=\"https:\/\/myanmarsupport.org\/wp-content\/uploads\/2025\/04\/IMG-eff67fe8284f8bb816b8ff87889685e7-V-1-1024x791.jpg 1024w, https:\/\/myanmarsupport.org\/wp-content\/uploads\/2025\/04\/IMG-eff67fe8284f8bb816b8ff87889685e7-V-1-300x232.jpg 300w, https:\/\/myanmarsupport.org\/wp-content\/uploads\/2025\/04\/IMG-eff67fe8284f8bb816b8ff87889685e7-V-1-768x593.jpg 768w, https:\/\/myanmarsupport.org\/wp-content\/uploads\/2025\/04\/IMG-eff67fe8284f8bb816b8ff87889685e7-V-1.jpg 1080w\" sizes=\"auto, (max-width: 1024px) 100vw, 1024px\" \/><\/figure>\n<\/figure>\n<\/div>\n<\/div>\n\n\n\n<div style=\"height:137px\" aria-hidden=\"true\" id=\"projekte-im-aufbau\" class=\"wp-block-spacer\"><\/div>\n\n\n\n<h1 class=\"wp-block-heading has-text-align-center has-text-color has-background has-link-color wp-elements-a5dc126607578b83b69ac816b358c03d\" style=\"color:#d4e7ff;background:linear-gradient(135deg,rgba(35,36,120,0.93) 1%,rgba(81,136,224,0.95) 100%);font-size:32px;letter-spacing:1px\"><strong><strong>Projekte<\/strong> im Aufbau<\/strong><\/h1>\n\n\n\n<div style=\"height:13px\" aria-hidden=\"true\" class=\"wp-block-spacer\"><\/div>\n\n\n\n<p class=\"has-black-color has-text-color has-background has-link-color has-medium-font-size wp-elements-57165458ab6d1a5a823a4f908de2c69b\" style=\"background-color:#9aceff29\"><br><strong>Verschriftlichung und Dokumentation des Danu<\/strong><br><br>Erweiterung der Projekte des MCL um andere Volksgruppen (Danu, Pa\u2019O, Shan, Palaung) mit einzuschliessen.<br><br><\/p>\n\n\n\n<p class=\"has-black-color has-text-color has-background has-link-color has-medium-font-size wp-elements-0b9a3e8e21692afb3252985b2271d64b\" style=\"background-color:#9aceff29\"><br><strong>Berufs- und Weiterbildung<\/strong><br><br>Aufbau von Grundlagen f\u00fcr eine T\u00e4tigkeit des MCL im Bereich der Berufsbildung. Unterst\u00fctzung von praktischer Bildung in verschiedenen Sprachen insbesondere f\u00fcr Frauen, einschliesslich politischer Bildung und Vermittlung von Alltags-Skills.<br><\/p>\n\n\n\n<div style=\"height:143px\" aria-hidden=\"true\" id=\"jahresbericht\" class=\"wp-block-spacer\"><\/div>\n\n\n\n<h1 class=\"wp-block-heading has-text-align-center has-text-color has-background has-link-color wp-elements-0decca08a3fed57c206a93a21a037ae7\" style=\"color:#d4e7ff;background:linear-gradient(135deg,rgba(35,36,120,0.93) 1%,rgba(81,136,224,0.95) 100%);font-size:32px;letter-spacing:1px\"><strong>Jahresbericht<\/strong><\/h1>\n\n\n\n<div data-wp-interactive=\"core\/file\" class=\"wp-block-file aligncenter\"><object data-wp-bind--hidden=\"!state.hasPdfPreview\" hidden class=\"wp-block-file__embed\" data=\"https:\/\/myanmarsupport.org\/wp-content\/uploads\/2025\/10\/Jahresbericht_2024-25.pdf\" type=\"application\/pdf\" style=\"width:100%;height:600px\" aria-label=\"Embed of Jahresbericht_2024-25.\"><\/object><a id=\"wp-block-file--media-a5654c2f-db74-448c-ae64-c89b7fc3fc7e\" href=\"https:\/\/myanmarsupport.org\/wp-content\/uploads\/2025\/10\/Jahresbericht_2024-25.pdf\">Jahresbericht_2024-25<\/a><\/div>\n\n\n\n<p><\/p>\n","protected":false},"excerpt":{"rendered":"<p>Was k\u00f6nnen wir aktuell tun? Die Lage in Myanmar gestaltet es im Moment f\u00fcr eine kleine NGO wie den MCL schwierig bis unm\u00f6glich, vor Ort aktiv zu sein. In den von der Milit\u00e4rregierung kontrollierten Gebieten ist eine T\u00e4tigkeit ausgeschlossen, da wir eine Zusammenarbeit ablehnen. Zu den unabh\u00e4ngigen Gebieten, die sich zur demokratisch gew\u00e4hlten Regierung (NUG, [&hellip;]<\/p>\n","protected":false},"author":1,"featured_media":0,"parent":57,"menu_order":2,"comment_status":"closed","ping_status":"closed","template":"","meta":{"_monsterinsights_skip_tracking":false,"_monsterinsights_sitenote_active":false,"_monsterinsights_sitenote_note":"","_monsterinsights_sitenote_category":0,"footnotes":""},"class_list":["post-82","page","type-page","status-publish","hentry"],"aioseo_notices":[],"jetpack_sharing_enabled":true,"_links":{"self":[{"href":"https:\/\/myanmarsupport.org\/index.php\/wp-json\/wp\/v2\/pages\/82","targetHints":{"allow":["GET"]}}],"collection":[{"href":"https:\/\/myanmarsupport.org\/index.php\/wp-json\/wp\/v2\/pages"}],"about":[{"href":"https:\/\/myanmarsupport.org\/index.php\/wp-json\/wp\/v2\/types\/page"}],"author":[{"embeddable":true,"href":"https:\/\/myanmarsupport.org\/index.php\/wp-json\/wp\/v2\/users\/1"}],"replies":[{"embeddable":true,"href":"https:\/\/myanmarsupport.org\/index.php\/wp-json\/wp\/v2\/comments?post=82"}],"version-history":[{"count":181,"href":"https:\/\/myanmarsupport.org\/index.php\/wp-json\/wp\/v2\/pages\/82\/revisions"}],"predecessor-version":[{"id":2104,"href":"https:\/\/myanmarsupport.org\/index.php\/wp-json\/wp\/v2\/pages\/82\/revisions\/2104"}],"up":[{"embeddable":true,"href":"https:\/\/myanmarsupport.org\/index.php\/wp-json\/wp\/v2\/pages\/57"}],"wp:attachment":[{"href":"https:\/\/myanmarsupport.org\/index.php\/wp-json\/wp\/v2\/media?parent=82"}],"curies":[{"name":"wp","href":"https:\/\/api.w.org\/{rel}","templated":true}]}}